{"id":1349,"date":"2019-09-17T18:54:13","date_gmt":"2019-09-17T16:54:13","guid":{"rendered":"https:\/\/bonnevie-hypnose.fr\/?page_id=1349"},"modified":"2020-11-03T17:58:25","modified_gmt":"2020-11-03T16:58:25","slug":"hypnose-en-entreprise","status":"publish","type":"page","link":"https:\/\/bonnevie-hypnose.fr\/?page_id=1349","title":{"rendered":"Hypnose en entreprise"},"content":{"rendered":"<p>[et_pb_section fb_built=&#8221;1&#8243; _builder_version=&#8221;3.29.2&#8243; background_image=&#8221;https:\/\/bonnevie-hypnose.fr\/wp-content\/uploads\/2019\/02\/bokeh-2152298_1920.jpg&#8221; parallax=&#8221;on&#8221; hover_enabled=&#8221;0&#8243; fb_built=&#8221;1&#8243; _i=&#8221;0&#8243; _address=&#8221;0&#8243; da_is_popup=&#8221;off&#8221; da_exit_intent=&#8221;off&#8221; da_has_close=&#8221;on&#8221; da_alt_close=&#8221;off&#8221; da_dark_close=&#8221;off&#8221; da_not_modal=&#8221;on&#8221; da_is_singular=&#8221;off&#8221; da_with_loader=&#8221;off&#8221; da_has_shadow=&#8221;on&#8221; da_disable_devices=&#8221;off|off|off&#8221;][et_pb_row disabled_on=&#8221;on|on|on&#8221; _builder_version=&#8221;3.29.2&#8243; background_color=&#8221;#efefef&#8221; custom_padding=&#8221;25.3281px|0px|25.3281px|0|false|false&#8221; border_radii=&#8221;on|10px|10px|10px|10px&#8221; border_width_all=&#8221;10px&#8221; border_color_all=&#8221;#efefef&#8221; disabled=&#8221;on&#8221; _i=&#8221;0&#8243; _address=&#8221;0.0&#8243;][et_pb_column type=&#8221;4_4&#8243; _builder_version=&#8221;3.25&#8243; custom_padding=&#8221;|||&#8221; _i=&#8221;0&#8243; _address=&#8221;0.0.0&#8243; custom_padding__hover=&#8221;|||&#8221;][et_pb_text _builder_version=&#8221;3.27.4&#8243; background_color=&#8221;#efefef&#8221; border_radii=&#8221;on|10px|10px|10px|10px&#8221; _i=&#8221;0&#8243; _address=&#8221;0.0.0.0&#8243;]<\/p>\n<p>Savez-vous que l\u2019hypnose en entreprise est une technique de plus en plus utilis\u00e9e? Entendons-nous, il n\u2019est pas question de proposer un spectacle pour la f\u00eate du personnel\u2026 mais bien d\u2019utiliser l\u2019hypnose en entreprise comme outil de motivation, de bien-\u00eatre, d\u2019am\u00e9lioration de performance, relation \u00e0 l\u2019autre, de gestion de crises, de gestion du stress, d\u2019orientation professionnelle \u2026Les s\u00e9ances d\u2019hypnose peuvent \u00eatre individuelles ou sous forme d\u2019ateliers collectifs faisant parfois appel \u00e0 d\u2019autres m\u00e9thodes d\u2019animation, de dynamiques de groupe.<\/p>\n<p>D\u2019une palette d\u2019outils de communication aux techniques plus \u00e9labor\u00e9es d\u2019auto-hypnose, vous et vos salari\u00e9s pourrez vous approprier des outils durables impactant favorablement le climat, la productivit\u00e9 et le bien-\u00eatre au sein de votre entreprise.<\/p>\n<p><a href=\"https:\/\/bonnevie-hypnose.fr\/contact\/\" target=\"_blank\" rel=\"noopener noreferrer\">Contactez-moi<\/a><span>\u00a0<\/span>pour que nous puissions ensemble \u00e9valuer vos besoins et vos attentes..<\/p>\n<p>Hypnose en entreprise<\/p>\n<p>&nbsp;<\/p>\n<p>Pour les dirigeants\u00a0:<\/p>\n<p>&nbsp;<\/p>\n<p>C\u2019est la m\u00eame d\u00e9marche que pour les grands sportifs, ou les artistes de sc\u00e8ne qui vont chercher via l\u2019hypnose et l\u2019autohypnose une meilleure concentration, plus de motivation, plus de confiance en eux, ou comment g\u00e9rer efficacement le trac ou le stress en g\u00e9n\u00e9ral.<\/p>\n<p>Dans le coaching individuel de dirigeants, les grandes probl\u00e9matiques personnelles sont la gestion du stress et la confiance en soi.<\/p>\n<p><strong>Au-del\u00e0 du stress, toutes les applications de l\u2019hypnoth\u00e9rapie individuelle peuvent aussi s\u2019appliquer en milieu professionnel\u00a0:<\/strong><\/p>\n<ul>\n<li>Clarifier une situation probl\u00e9matique\u00a0et aider \u00e0 la prise de d\u00e9cision, fixer des priorit\u00e9s, booster sa motivation<\/li>\n<li>Les troubles du sommeil et la gestion de la fatigue, comment r\u00e9cup\u00e9rer son \u00e9nergie en cours de journ\u00e9e ou mieux g\u00e9rer les d\u00e9calages horaires<\/li>\n<li>La concentration\u00a0: arriver \u00e0 se faire une bulle d\u2019efficacit\u00e9 pour un dossier d\u00e9licat, ou pour s\u2019y atteler quand on a tendance \u00e0 le remettre \u00e0 plus tard<\/li>\n<li>La gestion des \u00e9motions\u00a0: les peurs, comme pour la prise de parole en public, mais cela peut \u00eatre aussi en pr\u00e9vision d\u2019une n\u00e9gociation avec un client difficile, comment retrouver son calme apr\u00e8s une discussion houleuse, comment apprendre d\u2019un \u00e9chec\u2026<\/li>\n<\/ul>\n<p>&nbsp;<\/p>\n<p>&nbsp;<\/p>\n<p>Mais aussi pour les salari\u00e9s\u00a0:<\/p>\n<ul>\n<li>Pr\u00e9vention des risques psychosociaux\u00a0: gestion du stress, gagner en s\u00e9r\u00e9nit\u00e9, augmenter le l\u00e2ch\u00e9 prise, burn-out<\/li>\n<li>l\u2019accompagnement individuel dans le cadre de restructurations,<\/li>\n<li>la gestion des addictions (campagnes d\u2019arr\u00eat du tabac, \u2026),<\/li>\n<li>l\u2019optimisation du sommeil pour une r\u00e9cup\u00e9ration plus efficace,<\/li>\n<li>le d\u00e9veloppement de la cr\u00e9ativit\u00e9,<\/li>\n<li>l\u2019am\u00e9lioration de la concentration,<\/li>\n<li>Prendre confiance en soi et dans les autres, s\u2019affirmer d\u2019avantage<\/li>\n<li>Gestion de conflits, difficult\u00e9s relationnelles<\/li>\n<li>L\u2019am\u00e9lioration de la concen<em>t<\/em>ration<\/li>\n<li>Atelier d\u2019autohypnose\u00a0(apprentissage de l\u2019hypnose<\/li>\n<\/ul>\n<p>&nbsp;<\/p>\n<p>&nbsp;<\/p>\n<p>&nbsp;<\/p>\n<p>\u00c0 quoi peut servir l\u2019hypnose en entreprise\u00a0:<\/p>\n<p>&nbsp;<\/p>\n<ul>\n<li>Accompagnement \u00e0 la prise d\u2019une d\u00e9cision strat\u00e9gique<\/li>\n<li>Red\u00e9finir ses objectifs prioritaires<\/li>\n<li>Clarifier une situation probl\u00e9matique<\/li>\n<li>Se projeter dans un projet<\/li>\n<li>Renforcer sa motivation et son \u00e9nergie pour aller vers un objectif fix\u00e9<\/li>\n<li>Gagner en s\u00e9r\u00e9nit\u00e9, renforcer la confiance en soi et en ses capacit\u00e9s<\/li>\n<li>G\u00e9rer des situations relationnelles complexes en adaptant sa communication<\/li>\n<li>Etre d\u00e9tendu au bureau<\/li>\n<li>D\u00e9couvrir &amp; Lib\u00e9rer ses potentiels cach\u00e9s<\/li>\n<li>Pr\u00e9parer un entretien \u00e0 fort enjeu<\/li>\n<li>Augmenter son assurance lors de prise de parole en public<\/li>\n<li>D\u00e9passer ses peurs, lever ses appr\u00e9hensions (d\u00e9marcher un gros client, r\u00e9ussir \u00e0 s\u2019imposer,<\/li>\n<li>Faire \u00e9merger le v\u00e9ritable leader qui est en vous<\/li>\n<li>D\u00e9velopper ses capacit\u00e9s manag\u00e9riales<\/li>\n<li>Comment accorder son attitude \u00e0 ses propos<\/li>\n<\/ul>\n<p>[\/et_pb_text][\/et_pb_column][\/et_pb_row][et_pb_row disabled_on=&#8221;off|off|off&#8221; _builder_version=&#8221;3.29.2&#8243; _i=&#8221;1&#8243; _address=&#8221;0.1&#8243;][et_pb_column type=&#8221;4_4&#8243; _builder_version=&#8221;3.25&#8243; custom_padding=&#8221;|||&#8221; _i=&#8221;0&#8243; _address=&#8221;0.1.0&#8243; custom_padding__hover=&#8221;|||&#8221;][et_pb_text disabled_on=&#8221;on|on|on&#8221; _builder_version=&#8221;3.29.2&#8243; background_color=&#8221;#f4f4f4&#8243; hover_enabled=&#8221;0&#8243; disabled=&#8221;on&#8221; _i=&#8221;0&#8243; _address=&#8221;0.1.0.0&#8243;]<\/p>\n<h5 class=\"et_pb_toggle_title\">HYPNOSE EN ENTREPRISE, UN OUTIL PR\u00c9CIEUX DE MANAGEMENT<\/h5>\n<div class=\"et_pb_toggle_content clearfix\">\n<p>Savez-vous que l\u2019hypnose en entreprise est une technique de plus en plus utilis\u00e9e? Entendons-nous, il n\u2019est pas question de proposer un spectacle pour la f\u00eate du personnel\u2026 mais bien d\u2019utiliser l\u2019hypnose en entreprise comme outil de motivation, de bien-\u00eatre, d\u2019am\u00e9lioration de performance, relation \u00e0 l\u2019autre, de gestion de crises, de gestion du stress, d\u2019orientation professionnelle \u2026Les s\u00e9ances d\u2019hypnose peuvent \u00eatre individuelles ou sous forme d\u2019ateliers collectifs faisant parfois appel \u00e0 d\u2019autres m\u00e9thodes d\u2019animation, de dynamiques de groupe.<\/p>\n<p>D\u2019une palette d\u2019outils de communication aux techniques plus \u00e9labor\u00e9es d\u2019auto-hypnose, vous et vos salari\u00e9s pourrez vous approprier des outils durables impactant favorablement le climat, la productivit\u00e9 et le bien-\u00eatre au sein de votre entreprise.<\/p>\n<p><a href=\"https:\/\/bonnevie-hypnose.fr\/contact\/\" target=\"_blank\" rel=\"noopener noreferrer\">Contactez-moi<\/a><span>\u00a0<\/span>pour que nous puissions ensemble \u00e9valuer vos besoins et vos attentes.<\/p>\n<\/div>\n<p>[\/et_pb_text][et_pb_accordion disabled_on=&#8221;off|off|off&#8221; _builder_version=&#8221;3.29.2&#8243; hover_enabled=&#8221;0&#8243; _i=&#8221;1&#8243; _address=&#8221;0.1.0.1&#8243;][et_pb_accordion_item title=&#8221;L&#8217;Hypnose en entreprise, un outil pr\u00e9cieux de management&#8221; _builder_version=&#8221;3.29.2&#8243; hover_enabled=&#8221;0&#8243; toggle_font_size=&#8221;30px&#8221; toggle_font=&#8221;|700|||||||&#8221; open=&#8221;on&#8221;]<\/p>\n<div class=\"et_pb_toggle_content clearfix\">\n<p>Savez-vous que l\u2019hypnose en entreprise est une technique de plus en plus utilis\u00e9e? Entendons-nous, il n\u2019est pas question de proposer un spectacle pour la f\u00eate du personnel\u2026 mais bien d\u2019utiliser l\u2019hypnose en entreprise comme outil de motivation, de bien-\u00eatre, d\u2019am\u00e9lioration de performance, relation \u00e0 l\u2019autre, de gestion de crises, de gestion du stress, d\u2019orientation professionnelle \u2026Les s\u00e9ances d\u2019hypnose peuvent \u00eatre individuelles ou sous forme d\u2019ateliers collectifs faisant parfois appel \u00e0 d\u2019autres m\u00e9thodes d\u2019animation, de dynamiques de groupe.<\/p>\n<p>D\u2019une palette d\u2019outils de communication aux techniques plus \u00e9labor\u00e9es d\u2019auto-hypnose, vous et vos salari\u00e9s pourrez vous approprier des outils durables impactant favorablement le climat, la productivit\u00e9 et le bien-\u00eatre au sein de votre entreprise.<\/p>\n<p><a href=\"https:\/\/bonnevie-hypnose.fr\/contact\/\" target=\"_blank\" rel=\"noopener noreferrer\">Contactez-moi<\/a><span>\u00a0<\/span>pour que nous puissions ensemble \u00e9valuer vos besoins et vos attentes.<\/p>\n<\/div>\n<p>[\/et_pb_accordion_item][et_pb_accordion_item title=&#8221;Pour les dirigeants&#8221; open=&#8221;off&#8221; _builder_version=&#8221;3.29.2&#8243; toggle_level=&#8221;h5&#8243; toggle_font=&#8221;|700|||||||&#8221; toggle_font_size=&#8221;30px&#8221; _i=&#8221;0&#8243; _address=&#8221;0.1.0.1.0&#8243;]<\/p>\n<p>&nbsp;<\/p>\n<p>C\u2019est la m\u00eame d\u00e9marche que pour les grands sportifs, ou les artistes de sc\u00e8ne qui vont chercher via l\u2019hypnose et l\u2019autohypnose une meilleure concentration, plus de motivation, plus de confiance en eux, ou comment g\u00e9rer efficacement le trac ou le stress en g\u00e9n\u00e9ral.<\/p>\n<p>Dans le coaching individuel de dirigeants, les probl\u00e9matiques personnelles les plus r\u00e9curentes sont la gestion du stress et la confiance en soi.<\/p>\n<p><strong>Mais au-del\u00e0, toutes les applications de l&#8217;accompagnement individuel par l&#8217;hypnose peuvent aussi s&#8217;appliquer en milieu professionnel:<\/strong><\/p>\n<ul>\n<li>Clarifier une situation probl\u00e9matique\u00a0et aider \u00e0 la prise de d\u00e9cision, fixer des priorit\u00e9s, booster sa motivation<\/li>\n<li>Les troubles du sommeil et la gestion de la fatigue, comment r\u00e9cup\u00e9rer son \u00e9nergie en cours de journ\u00e9e ou mieux g\u00e9rer les d\u00e9calages horaires<\/li>\n<li>La concentration\u00a0: arriver \u00e0 se faire une bulle d\u2019efficacit\u00e9 pour un dossier d\u00e9licat, ou pour s\u2019y atteler quand on a tendance \u00e0 le remettre \u00e0 plus tard<\/li>\n<li>La gestion des \u00e9motions\u00a0: les peurs, comme pour la prise de parole en public, mais cela peut \u00eatre aussi en pr\u00e9vision d\u2019une n\u00e9gociation avec un client difficile, comment retrouver son calme apr\u00e8s une discussion houleuse, comment apprendre d\u2019un \u00e9chec\u2026<\/li>\n<li>Et bien d&#8217;autres applications li\u00e9es aux valeurs et \u00e0 la personnalit\u00e9 de chacun.<\/li>\n<\/ul>\n<p>[\/et_pb_accordion_item][et_pb_accordion_item title=&#8221;Pour les salari\u00e9s&#8221; _builder_version=&#8221;3.29.2&#8243; hover_enabled=&#8221;0&#8243; toggle_font=&#8221;|700|||||||&#8221; toggle_font_size=&#8221;30px&#8221; _i=&#8221;1&#8243; _address=&#8221;0.1.0.1.1&#8243; open=&#8221;off&#8221;]<\/p>\n<p>L&#8217;implication et l&#8217;engagement des salari\u00e9s est l&#8217;un des pilier d&#8217;une entreprise qui avance.<br \/> Mais que peut-\u00eatre l&#8217;engagement d&#8217;un salari\u00e9 qui subit le stress au quotidien?<\/p>\n<ul>\n<li>Pr\u00e9vention des risques psychosociaux\u00a0: gestion du stress, gagner en s\u00e9r\u00e9nit\u00e9, augmenter le l\u00e2ch\u00e9 prise, burn-out<\/li>\n<li>l\u2019accompagnement individuel dans le cadre de restructurations,<\/li>\n<li>la gestion des addictions (campagnes d\u2019arr\u00eat du tabac, \u2026),<\/li>\n<li>l\u2019optimisation du sommeil pour une r\u00e9cup\u00e9ration plus efficace,<\/li>\n<li>le d\u00e9veloppement de la cr\u00e9ativit\u00e9,<\/li>\n<li>l\u2019am\u00e9lioration de la concentration,<\/li>\n<li>Prendre confiance en soi et dans les autres, s\u2019affirmer d\u2019avantage<\/li>\n<li>Gestion de conflits, difficult\u00e9s relationnelles<\/li>\n<li>L\u2019am\u00e9lioration de la concen<em>t<\/em>ration<\/li>\n<li>Atelier d\u2019autohypnose\u00a0(apprentissage de l\u2019hypnose)<\/li>\n<\/ul>\n<p>Les interventions aupr\u00e8s des salari\u00e9s peuvent se d\u00e9cliner sous forme de s\u00e9ances individuelles dans un lieu d\u00e9di\u00e9 au sein m\u00eame de l&#8217;entreprise.<\/p>\n<p>Mais aussi lors d&#8217;atelier ou de s\u00e9ances collectives.<\/p>\n<p>&nbsp;<\/p>\n<p>[\/et_pb_accordion_item][\/et_pb_accordion][\/et_pb_column][\/et_pb_row][et_pb_row _builder_version=&#8221;3.29.2&#8243; _i=&#8221;2&#8243; _address=&#8221;0.2&#8243;][et_pb_column type=&#8221;4_4&#8243; _builder_version=&#8221;3.29.2&#8243; _i=&#8221;0&#8243; _address=&#8221;0.2.0&#8243;][\/et_pb_column][\/et_pb_row][et_pb_row _builder_version=&#8221;3.29.2&#8243; _i=&#8221;3&#8243; _address=&#8221;0.3&#8243;][et_pb_column type=&#8221;4_4&#8243; _builder_version=&#8221;3.29.2&#8243; _i=&#8221;0&#8243; _address=&#8221;0.3.0&#8243;][et_pb_text disabled_on=&#8221;on|on|on&#8221; _builder_version=&#8221;3.29.2&#8243; background_color=&#8221;#ffffff&#8221; text_orientation=&#8221;center&#8221; disabled=&#8221;on&#8221; _i=&#8221;0&#8243; _address=&#8221;0.3.0.0&#8243;]<\/p>\n<p>Cette page est en travaux.<br \/> Elle sera tr\u00e8s prochainement disponible.<br \/> Toutefois, pour tout renseignements vous pouvez me joindre au 06 98 98 45 25.<img loading=\"lazy\" decoding=\"async\" src=\"https:\/\/bonnevie-hypnose.fr\/wp-content\/uploads\/2019\/10\/travaux.jpeg\" width=\"238\" height=\"212\" alt=\"\" class=\"wp-image-1562 alignnone size-full\" \/><\/p>\n<p>[\/et_pb_text][\/et_pb_column][\/et_pb_row][\/et_pb_section]<\/p>\n","protected":false},"excerpt":{"rendered":"<p>[et_pb_section fb_built=&#8221;1&#8243; _builder_version=&#8221;3.29.2&#8243; background_image=&#8221;https:\/\/bonnevie-hypnose.fr\/wp-content\/uploads\/2019\/02\/bokeh-2152298_1920.jpg&#8221; parallax=&#8221;on&#8221; hover_enabled=&#8221;0&#8243; fb_built=&#8221;1&#8243; _i=&#8221;0&#8243; _address=&#8221;0&#8243; da_is_popup=&#8221;off&#8221; da_exit_intent=&#8221;off&#8221; da_has_close=&#8221;on&#8221; da_alt_close=&#8221;off&#8221; da_dark_close=&#8221;off&#8221; da_not_modal=&#8221;on&#8221; da_is_singular=&#8221;off&#8221; da_with_loader=&#8221;off&#8221; da_has_shadow=&#8221;on&#8221; da_disable_devices=&#8221;off|off|off&#8221;][et_pb_row disabled_on=&#8221;on|on|on&#8221; _builder_version=&#8221;3.29.2&#8243; background_color=&#8221;#efefef&#8221; custom_padding=&#8221;25.3281px|0px|25.3281px|0|false|false&#8221; border_radii=&#8221;on|10px|10px|10px|10px&#8221; border_width_all=&#8221;10px&#8221; border_color_all=&#8221;#efefef&#8221; disabled=&#8221;on&#8221; _i=&#8221;0&#8243; _address=&#8221;0.0&#8243;][et_pb_column type=&#8221;4_4&#8243; _builder_version=&#8221;3.25&#8243; custom_padding=&#8221;|||&#8221; _i=&#8221;0&#8243; _address=&#8221;0.0.0&#8243; custom_padding__hover=&#8221;|||&#8221;][et_pb_text _builder_version=&#8221;3.27.4&#8243; background_color=&#8221;#efefef&#8221; border_radii=&#8221;on|10px|10px|10px|10px&#8221; _i=&#8221;0&#8243; _address=&#8221;0.0.0.0&#8243;] Savez-vous que l\u2019hypnose en entreprise est une technique de plus en plus utilis\u00e9e? Entendons-nous, il [&hellip;]<\/p>\n","protected":false},"author":2,"featured_media":0,"parent":0,"menu_order":0,"comment_status":"closed","ping_status":"closed","template":"","meta":{"_et_pb_use_builder":"on","_et_pb_old_content":"","_et_gb_content_width":"","om_disable_all_campaigns":false,"_monsterinsights_skip_tracking":false,"_monsterinsights_sitenote_active":false,"_monsterinsights_sitenote_note":"","_monsterinsights_sitenote_category":0,"footnotes":""},"class_list":["post-1349","page","type-page","status-publish","hentry"],"aioseo_notices":[],"_links":{"self":[{"href":"https:\/\/bonnevie-hypnose.fr\/index.php?rest_route=\/wp\/v2\/pages\/1349","targetHints":{"allow":["GET"]}}],"collection":[{"href":"https:\/\/bonnevie-hypnose.fr\/index.php?rest_route=\/wp\/v2\/pages"}],"about":[{"href":"https:\/\/bonnevie-hypnose.fr\/index.php?rest_route=\/wp\/v2\/types\/page"}],"author":[{"embeddable":true,"href":"https:\/\/bonnevie-hypnose.fr\/index.php?rest_route=\/wp\/v2\/users\/2"}],"replies":[{"embeddable":true,"href":"https:\/\/bonnevie-hypnose.fr\/index.php?rest_route=%2Fwp%2Fv2%2Fcomments&post=1349"}],"version-history":[{"count":14,"href":"https:\/\/bonnevie-hypnose.fr\/index.php?rest_route=\/wp\/v2\/pages\/1349\/revisions"}],"predecessor-version":[{"id":1938,"href":"https:\/\/bonnevie-hypnose.fr\/index.php?rest_route=\/wp\/v2\/pages\/1349\/revisions\/1938"}],"wp:attachment":[{"href":"https:\/\/bonnevie-hypnose.fr\/index.php?rest_route=%2Fwp%2Fv2%2Fmedia&parent=1349"}],"curies":[{"name":"wp","href":"https:\/\/api.w.org\/{rel}","templated":true}]}}