{"id":147,"date":"2018-11-19T16:49:20","date_gmt":"2018-11-19T15:49:20","guid":{"rendered":"https:\/\/bonnevie-hypnose.fr\/?page_id=147"},"modified":"2026-01-14T14:25:46","modified_gmt":"2026-01-14T13:25:46","slug":"qui-suis-je","status":"publish","type":"page","link":"https:\/\/bonnevie-hypnose.fr\/?page_id=147","title":{"rendered":"Qui suis-je?"},"content":{"rendered":"<p>[et_pb_section fb_built=&#8221;1&#8243; _builder_version=&#8221;4.6.5&#8243; background_color=&#8221;rgba(224,224,224,0.11)&#8221; background_enable_image=&#8221;off&#8221; parallax=&#8221;on&#8221; custom_padding=&#8221;50px|0px|122px|0px|false|false&#8221; bottom_divider_style=&#8221;ramp2&#8243; bottom_divider_color=&#8221;#4f4f4f&#8221; bottom_divider_flip=&#8221;horizontal&#8221; da_disable_devices=&#8221;off|off|off&#8221; da_is_popup=&#8221;off&#8221; da_exit_intent=&#8221;off&#8221; da_has_close=&#8221;on&#8221; da_alt_close=&#8221;off&#8221; da_dark_close=&#8221;off&#8221; da_not_modal=&#8221;on&#8221; da_is_singular=&#8221;off&#8221; da_with_loader=&#8221;off&#8221; da_has_shadow=&#8221;on&#8221;][et_pb_row _builder_version=&#8221;4.6.5&#8243; background_color=&#8221;#f2f2f2&#8243; custom_padding=&#8221;18px|0px|38px|0px|false|false&#8221; border_radii=&#8221;|40px|40px||40px&#8221; border_width_all=&#8221;13px&#8221; border_color_all=&#8221;#f2f2f2&#8243; box_shadow_style=&#8221;preset2&#8243;][et_pb_column type=&#8221;4_4&#8243; _builder_version=&#8221;3.25&#8243; custom_padding=&#8221;|||&#8221; custom_padding__hover=&#8221;|||&#8221;][et_pb_team_member name=&#8221;St\u00e9phane Bonnevie&#8221; position=&#8221;Ma\u00eetre Praticien en Hypnose Ericksonienne et classique&#8221; image_url=&#8221;https:\/\/bonnevie-hypnose.fr\/wp-content\/uploads\/2019\/09\/Steph-BD-couleur-1.jpg&#8221; _builder_version=&#8221;4.6.5&#8243; body_font=&#8221;||||||||&#8221; border_radii_image=&#8221;on|8px|8px|8px|8px&#8221; border_width_all_image=&#8221;15px&#8221; border_color_all_image=&#8221;#ffffff&#8221;]<\/p>\n<div>\n<p class=\"p1\">Je m\u2019appelle St\u00e9phane Bonnevie, j\u2019ai 54 ans et je suis praticien en hypnose classique et en hypnose ericksonienne depuis 2013.<\/p>\n<p class=\"p1\">L\u2019une de mes tantes m\u2019a offert mon premier livre traitant d\u2019hypnose vers l\u2019\u00e2ge de 10 ans. Mais qu\u2019il est difficile d\u2019\u00eatre un hypnotiseur cr\u00e9dible \u00e0 cet \u00e2ge l\u00e0! Et, un peu d\u00e9\u00e7u, j\u2019ai rang\u00e9 mes r\u00eaves d\u2019hypnose au rayon des impossibles, je me trompais\u2026<\/p>\n<p class=\"p1\">J\u2019ai grandi dans une famille aux doubles racines improbables d\u2019une grand-m\u00e8re lettr\u00e9e et intellectuelle et d\u2019un grand-p\u00e8re viticulteur et proche de la terre.<\/p>\n<p class=\"p1\">Cette double origine m\u2019a beaucoup apport\u00e9 et notamment l\u2019amour du dialogue et du contact simple avec les personnes \u2013 comme on peut le vivre dans un petit village -, mais aussi le besoin de comprendre ces personnes.<\/p>\n<p class=\"p1\">Accompagnant dans le secteur social pendant pr\u00e8s d\u2019une vingtaine d\u2019ann\u00e9es, j\u2019ai toujours \u00e9t\u00e9 passionn\u00e9 par les comportements et les fonctionnements humains.<\/p>\n<p class=\"p1\">Apr\u00e8s diff\u00e9rentes formations en communication et riches de multiples exp\u00e9riences aupr\u00e8s de publics vari\u00e9s tels que des enfants, des personnes sans abri, des personnes \u00e2g\u00e9es, des ados et des personnes en situation de handicap. \u00a0je d\u00e9veloppe des techniques d\u2019accompagnement visant \u00e0 optimiser les ressources de chacun d\u2019un point de vue familial ou professionnel.<\/p>\n<p class=\"p1\">Puis, je red\u00e9couvre l\u2019hypnose en 2011, j\u2019ose enfin !<\/p>\n<p class=\"p1\">Je d\u00e9vore des dizaines de livres et rencontre des hypnotiseurs aguerris, ce qui me permet de faire mes premiers pas en hypnose.<\/p>\n<p class=\"p1\">Dans un premier temps j\u2019explore le cot\u00e9 ludique de l\u2019hypnose de salon, mais rapidement le lien avec mon emploi de travailleur social devient une \u00e9vidence et je commence \u00e0 me former \u00e0 l\u2019hypnose d\u2019accompagnement en suivant diff\u00e9rents stages et formations<\/p>\n<p class=\"p1\">Tr\u00e8s rapidement je m\u2019oriente, en vue de me professionnaliser, vers l\u2019une des \u00e9coles les plus reconnues en France \u2013 l\u2019Acad\u00e9mie de Recherche et de Connaissances en Hypnose Ericksonienne (ARCHE) \u2013<\/p>\n<p class=\"p1\">et pendant plus de deux ans je m\u2019immerge dans l\u2019\u00e9tude de l\u2019hypnose et franchis les diff\u00e9rentes \u00e9tapes de la formation pour atteindre le niveau de Ma\u00eetre Praticien.<\/p>\n<p class=\"p1\">Aujourd\u2019hui encore, tout en \u00e9tant devenu \u00e0 mon tour formateur, je continu \u00e0 m\u2019instruire aupr\u00e8s de diff\u00e9rentes \u00e9coles ou diff\u00e9rents formateurs pour am\u00e9liorer \u00e0 la fois ma technique, mais avant tout la qualit\u00e9 de l\u2019accompagnement que je propose.<\/p>\n<p class=\"p1\">L\u2019hypnose est pour moi une passion que j\u2019aime transmettre et faire \u00e9voluer, c\u2019est plus qu\u2019un outil ou un \u00e9tat, c\u2019est un art qu\u2019il faut sans cesse nourrir et am\u00e9liorer.<\/p>\n<\/div>\n<p>[\/et_pb_team_member][\/et_pb_column][\/et_pb_row][et_pb_row _builder_version=&#8221;3.25&#8243; custom_padding=&#8221;31px|0px|25.5938px|0px|false|false&#8221;][et_pb_column type=&#8221;4_4&#8243; _builder_version=&#8221;3.25&#8243; custom_padding=&#8221;|||&#8221; custom_padding__hover=&#8221;|||&#8221;][et_pb_button button_url=&#8221;https:\/\/bonnevie-hypnose.fr&#8221; button_text=&#8221;ACCUEIL&#8221; button_alignment=&#8221;center&#8221; _builder_version=&#8221;4.6.5&#8243; custom_button=&#8221;on&#8221; button_text_size=&#8221;20px&#8221; button_bg_color=&#8221;#9b24e5&#8243; button_border_width=&#8221;0px&#8221; button_border_radius=&#8221;6px&#8221; button_letter_spacing=&#8221;1px&#8221; button_font=&#8221;Lato|700||on|||||&#8221; background_layout=&#8221;dark&#8221; custom_margin=&#8221;||0px|&#8221; custom_padding=&#8221;8px||8px|&#8221; hover_enabled=&#8221;0&#8243; box_shadow_style=&#8221;preset3&#8243; box_shadow_color=&#8221;rgba(250,127,40,0.4)&#8221; button_letter_spacing_hover=&#8221;1px&#8221; locked=&#8221;off&#8221; button_text_size__hover_enabled=&#8221;off&#8221; button_one_text_size__hover_enabled=&#8221;off&#8221; button_two_text_size__hover_enabled=&#8221;off&#8221; button_text_color__hover_enabled=&#8221;off&#8221; button_one_text_color__hover_enabled=&#8221;off&#8221; button_two_text_color__hover_enabled=&#8221;off&#8221; button_border_width__hover_enabled=&#8221;off&#8221; button_one_border_width__hover_enabled=&#8221;off&#8221; button_two_border_width__hover_enabled=&#8221;off&#8221; button_border_color__hover_enabled=&#8221;off&#8221; button_one_border_color__hover_enabled=&#8221;off&#8221; button_two_border_color__hover_enabled=&#8221;off&#8221; button_border_radius__hover_enabled=&#8221;off&#8221; button_one_border_radius__hover_enabled=&#8221;off&#8221; button_two_border_radius__hover_enabled=&#8221;off&#8221; button_letter_spacing__hover_enabled=&#8221;on&#8221; button_letter_spacing__hover=&#8221;1px&#8221; button_one_letter_spacing__hover_enabled=&#8221;off&#8221; button_two_letter_spacing__hover_enabled=&#8221;off&#8221; button_bg_color__hover_enabled=&#8221;off&#8221; button_one_bg_color__hover_enabled=&#8221;off&#8221; button_two_bg_color__hover_enabled=&#8221;off&#8221; sticky_enabled=&#8221;0&#8243; button_use_icon=&#8221;off&#8221;][\/et_pb_button][\/et_pb_column][\/et_pb_row][\/et_pb_section]<\/p>\n","protected":false},"excerpt":{"rendered":"<p>[et_pb_section fb_built=&#8221;1&#8243; _builder_version=&#8221;4.6.5&#8243; background_color=&#8221;rgba(224,224,224,0.11)&#8221; background_enable_image=&#8221;off&#8221; parallax=&#8221;on&#8221; custom_padding=&#8221;50px|0px|122px|0px|false|false&#8221; bottom_divider_style=&#8221;ramp2&#8243; bottom_divider_color=&#8221;#4f4f4f&#8221; bottom_divider_flip=&#8221;horizontal&#8221; da_disable_devices=&#8221;off|off|off&#8221; da_is_popup=&#8221;off&#8221; da_exit_intent=&#8221;off&#8221; da_has_close=&#8221;on&#8221; da_alt_close=&#8221;off&#8221; da_dark_close=&#8221;off&#8221; da_not_modal=&#8221;on&#8221; da_is_singular=&#8221;off&#8221; da_with_loader=&#8221;off&#8221; da_has_shadow=&#8221;on&#8221;][et_pb_row _builder_version=&#8221;4.6.5&#8243; background_color=&#8221;#f2f2f2&#8243; custom_padding=&#8221;18px|0px|38px|0px|false|false&#8221; border_radii=&#8221;|40px|40px||40px&#8221; border_width_all=&#8221;13px&#8221; border_color_all=&#8221;#f2f2f2&#8243; box_shadow_style=&#8221;preset2&#8243;][et_pb_column type=&#8221;4_4&#8243; _builder_version=&#8221;3.25&#8243; custom_padding=&#8221;|||&#8221; custom_padding__hover=&#8221;|||&#8221;][et_pb_team_member name=&#8221;St\u00e9phane Bonnevie&#8221; position=&#8221;Ma\u00eetre Praticien en Hypnose Ericksonienne et classique&#8221; image_url=&#8221;https:\/\/bonnevie-hypnose.fr\/wp-content\/uploads\/2019\/09\/Steph-BD-couleur-1.jpg&#8221; _builder_version=&#8221;4.6.5&#8243; body_font=&#8221;||||||||&#8221; border_radii_image=&#8221;on|8px|8px|8px|8px&#8221; border_width_all_image=&#8221;15px&#8221; border_color_all_image=&#8221;#ffffff&#8221;] Je m\u2019appelle St\u00e9phane Bonnevie, j\u2019ai 54 ans et je [&hellip;]<\/p>\n","protected":false},"author":2,"featured_media":0,"parent":0,"menu_order":0,"comment_status":"closed","ping_status":"closed","template":"","meta":{"_et_pb_use_builder":"on","_et_pb_old_content":"","_et_gb_content_width":"","om_disable_all_campaigns":false,"_monsterinsights_skip_tracking":false,"_monsterinsights_sitenote_active":false,"_monsterinsights_sitenote_note":"","_monsterinsights_sitenote_category":0,"footnotes":""},"class_list":["post-147","page","type-page","status-publish","hentry"],"aioseo_notices":[],"_links":{"self":[{"href":"https:\/\/bonnevie-hypnose.fr\/index.php?rest_route=\/wp\/v2\/pages\/147","targetHints":{"allow":["GET"]}}],"collection":[{"href":"https:\/\/bonnevie-hypnose.fr\/index.php?rest_route=\/wp\/v2\/pages"}],"about":[{"href":"https:\/\/bonnevie-hypnose.fr\/index.php?rest_route=\/wp\/v2\/types\/page"}],"author":[{"embeddable":true,"href":"https:\/\/bonnevie-hypnose.fr\/index.php?rest_route=\/wp\/v2\/users\/2"}],"replies":[{"embeddable":true,"href":"https:\/\/bonnevie-hypnose.fr\/index.php?rest_route=%2Fwp%2Fv2%2Fcomments&post=147"}],"version-history":[{"count":32,"href":"https:\/\/bonnevie-hypnose.fr\/index.php?rest_route=\/wp\/v2\/pages\/147\/revisions"}],"predecessor-version":[{"id":2906,"href":"https:\/\/bonnevie-hypnose.fr\/index.php?rest_route=\/wp\/v2\/pages\/147\/revisions\/2906"}],"wp:attachment":[{"href":"https:\/\/bonnevie-hypnose.fr\/index.php?rest_route=%2Fwp%2Fv2%2Fmedia&parent=147"}],"curies":[{"name":"wp","href":"https:\/\/api.w.org\/{rel}","templated":true}]}}