{"id":2267,"date":"2021-02-16T14:49:47","date_gmt":"2021-02-16T13:49:47","guid":{"rendered":"https:\/\/bonnevie-hypnose.fr\/?page_id=2267"},"modified":"2024-05-23T17:56:01","modified_gmt":"2024-05-23T15:56:01","slug":"nouvelle-application","status":"publish","type":"page","link":"https:\/\/bonnevie-hypnose.fr\/?page_id=2267","title":{"rendered":"nouvelle application"},"content":{"rendered":"<p>[et_pb_section fb_built=&#8221;1&#8243; _builder_version=&#8221;4.6.5&#8243; _module_preset=&#8221;default&#8221; background_enable_color=&#8221;off&#8221; use_background_color_gradient=&#8221;on&#8221; background_color_gradient_start=&#8221;#cdf6f7&#8243; background_color_gradient_end=&#8221;#f7f7f7&#8243; background_enable_image=&#8221;off&#8221; bottom_divider_style=&#8221;ramp2&#8243; bottom_divider_color=&#8221;#9af4f1&#8243; da_disable_devices=&#8221;off|off|off&#8221; da_is_popup=&#8221;off&#8221; da_exit_intent=&#8221;off&#8221; da_has_close=&#8221;on&#8221; da_alt_close=&#8221;off&#8221; da_dark_close=&#8221;off&#8221; da_not_modal=&#8221;on&#8221; da_is_singular=&#8221;off&#8221; da_with_loader=&#8221;off&#8221; da_has_shadow=&#8221;on&#8221;][et_pb_row _builder_version=&#8221;4.6.5&#8243; _module_preset=&#8221;default&#8221; module_alignment=&#8221;center&#8221;][et_pb_column type=&#8221;4_4&#8243; _builder_version=&#8221;4.6.5&#8243; _module_preset=&#8221;default&#8221;][et_pb_text _builder_version=&#8221;4.6.5&#8243; _module_preset=&#8221;default&#8221; text_font=&#8221;Alice||||||||&#8221; text_font_size=&#8221;25px&#8221; hover_enabled=&#8221;0&#8243; sticky_enabled=&#8221;0&#8243;]<\/p>\n<h2 style=\"text-align: center;\">L&#8217;Hypnose vous propose un accompagnement adapt\u00e9 pour &#8230;<\/h2>\n<p>[\/et_pb_text][\/et_pb_column][\/et_pb_row][\/et_pb_section][et_pb_section fb_built=&#8221;1&#8243; _builder_version=&#8221;4.6.5&#8243; _module_preset=&#8221;default&#8221; use_background_color_gradient=&#8221;on&#8221; background_color_gradient_start=&#8221;#9af4f1&#8243; background_color_gradient_end=&#8221;rgba(255,255,255,0)&#8221; custom_padding=&#8221;0px||86px|||&#8221; bottom_divider_style=&#8221;arrow&#8221; bottom_divider_color=&#8221;#c51fe2&#8243; da_disable_devices=&#8221;off|off|off&#8221; da_is_popup=&#8221;off&#8221; da_exit_intent=&#8221;off&#8221; da_has_close=&#8221;on&#8221; da_alt_close=&#8221;off&#8221; da_dark_close=&#8221;off&#8221; da_not_modal=&#8221;on&#8221; da_is_singular=&#8221;off&#8221; da_with_loader=&#8221;off&#8221; da_has_shadow=&#8221;on&#8221;][et_pb_row column_structure=&#8221;1_2,1_2&#8243; _builder_version=&#8221;4.6.5&#8243; _module_preset=&#8221;default&#8221; custom_padding=&#8221;||1px|||&#8221;][et_pb_column type=&#8221;1_2&#8243; _builder_version=&#8221;4.6.5&#8243; _module_preset=&#8221;default&#8221;][et_pb_image src=&#8221;https:\/\/bonnevie-hypnose.fr\/wp-content\/uploads\/2020\/12\/clop1.png&#8221; title_text=&#8221;clop1&#8243; _builder_version=&#8221;4.6.5&#8243; _module_preset=&#8221;default&#8221;][\/et_pb_image][\/et_pb_column][et_pb_column type=&#8221;1_2&#8243; _builder_version=&#8221;4.6.5&#8243; _module_preset=&#8221;default&#8221;][et_pb_text _builder_version=&#8221;4.6.5&#8243; _module_preset=&#8221;default&#8221; text_font=&#8221;Alice||||||||&#8221; text_text_color=&#8221;#000000&#8243; text_font_size=&#8221;20px&#8221;]<\/p>\n<h1>Arr\u00eat du tabac<\/h1>\n<p>Est-il encore besoin de prouver l&#8217;efficacit\u00e9 de l&#8217;hypnose lors d&#8217;une d\u00e9marche d&#8217;arr\u00eat du tabac?<br \/>\nPlut\u00f4t que d&#8217;imaginer arr\u00eater quelque chose, ressentez le cadeau que vous vous faites lorsque vous <strong>retrouverez le non-fumeur ou la non-fumeuse qui est en vous<\/strong>.<br \/>\nConsciemment il est facile de comprendre qu&#8217;il est important de ne plus fumer, maladie, d\u00e9pendance, co\u00fbt&#8230; mais qu&#8217;en est-il des automatismes, des croyances limitantes et des habitudes profond\u00e9ment ancr\u00e9es?<\/p>\n<p>L&#8217;Hypnose va cr\u00e9er un \u00e9tat propice au <strong>d\u00e9passement des r\u00e9sistances<\/strong> et \u00e0 la mobilisation de ressources n\u00e9cessaires \u00e0 la mise \u00e0 jour de ces diff\u00e9rentes parties de vous qui s&#8217;accrochent encore au tabac.<\/p>\n<p>Il est important que ces changements soit totalement respectueux et en ad\u00e9quation avec vos valeurs et la personne que vous \u00eates et ce afin de <strong>ne pas d\u00e9placer<\/strong> le probl\u00e8me mais de v\u00e9ritablement le <strong>solutionner<\/strong> de fa\u00e7on \u00e9quilibr\u00e9e et <strong>d\u00e9finitive<\/strong>.<\/p>\n<p>Par ailleurs, l&#8217;arr\u00eat d&#8217;<strong>autres addictions<\/strong> peut \u00eatre envisag\u00e9 en accompagnement par l&#8217;hypnose. Toutefois, cet accompagnement, selon sa nature, peut s&#8217;inscrire dans une d\u00e9marche pluridisciplinaire sous l&#8217;\u00e9gide d&#8217;un professionnel de sant\u00e9 (medecin, psychiatre, addictologue).<br \/>\n[\/et_pb_text][\/et_pb_column][\/et_pb_row][\/et_pb_section][et_pb_section fb_built=&#8221;1&#8243; _builder_version=&#8221;4.6.5&#8243; _module_preset=&#8221;default&#8221; use_background_color_gradient=&#8221;on&#8221; background_color_gradient_start=&#8221;#c51fe2&#8243; background_color_gradient_end=&#8221;#5f64f4&#8243; bottom_divider_style=&#8221;arrow&#8221; bottom_divider_color=&#8221;#ffffff&#8221; da_disable_devices=&#8221;off|off|off&#8221; da_is_popup=&#8221;off&#8221; da_exit_intent=&#8221;off&#8221; da_has_close=&#8221;on&#8221; da_alt_close=&#8221;off&#8221; da_dark_close=&#8221;off&#8221; da_not_modal=&#8221;on&#8221; da_is_singular=&#8221;off&#8221; da_with_loader=&#8221;off&#8221; da_has_shadow=&#8221;on&#8221;][et_pb_row column_structure=&#8221;1_2,1_2&#8243; _builder_version=&#8221;4.6.5&#8243; _module_preset=&#8221;default&#8221; custom_margin=&#8221;-44px|auto||auto||&#8221; custom_padding=&#8221;0px|||||&#8221;][et_pb_column type=&#8221;1_2&#8243; _builder_version=&#8221;4.6.5&#8243; _module_preset=&#8221;default&#8221;][et_pb_text _builder_version=&#8221;4.6.5&#8243; _module_preset=&#8221;default&#8221; text_font=&#8221;Alice||||||||&#8221; text_text_color=&#8221;#ffffff&#8221; text_font_size=&#8221;20px&#8221; header_text_color=&#8221;#ffffff&#8221;]<\/p>\n<h1>Perte de poids<\/h1>\n<p>Vous cherchez une <strong>solution durable<\/strong> pour retrouver votre poids de forme?<br \/>\nVous en avez assez de faire le <strong>&#8220;yoyo&#8221;<\/strong> avec votre poids? L&#8217;hypnose vous propose une <strong>solution durable<\/strong> en agissant directement sur les comportements r\u00e9sponsables de votre prise de poids; grignotage, sur-alimentation, manque d&#8217;activit\u00e9s &#8230; mais aussi en prenant en compte les <strong>v\u00e9ritables besoins<\/strong> qui s&#8217;expriment \u00e0 travers ces comportements.<br \/>\n[\/et_pb_text][\/et_pb_column][et_pb_column type=&#8221;1_2&#8243; _builder_version=&#8221;4.6.5&#8243; _module_preset=&#8221;default&#8221;][et_pb_image src=&#8221;https:\/\/bonnevie-hypnose.fr\/wp-content\/uploads\/2020\/12\/equilibre2.png&#8221; title_text=&#8221;equilibre2&#8243; _builder_version=&#8221;4.6.5&#8243; _module_preset=&#8221;default&#8221;][\/et_pb_image][\/et_pb_column][\/et_pb_row][\/et_pb_section][et_pb_section fb_built=&#8221;1&#8243; _builder_version=&#8221;4.6.5&#8243; _module_preset=&#8221;default&#8221; da_disable_devices=&#8221;off|off|off&#8221; da_is_popup=&#8221;off&#8221; da_exit_intent=&#8221;off&#8221; da_has_close=&#8221;on&#8221; da_alt_close=&#8221;off&#8221; da_dark_close=&#8221;off&#8221; da_not_modal=&#8221;on&#8221; da_is_singular=&#8221;off&#8221; da_with_loader=&#8221;off&#8221; da_has_shadow=&#8221;on&#8221;][et_pb_row column_structure=&#8221;1_2,1_2&#8243; _builder_version=&#8221;4.6.5&#8243; _module_preset=&#8221;default&#8221;][et_pb_column type=&#8221;1_2&#8243; _builder_version=&#8221;4.6.5&#8243; _module_preset=&#8221;default&#8221;][et_pb_image src=&#8221;https:\/\/bonnevie-hypnose.fr\/wp-content\/uploads\/2021\/01\/dormir-lit-bleu.png&#8221; title_text=&#8221;dormir lit bleu&#8221; _builder_version=&#8221;4.6.5&#8243; _module_preset=&#8221;default&#8221;][\/et_pb_image][\/et_pb_column][et_pb_column type=&#8221;1_2&#8243; _builder_version=&#8221;4.6.5&#8243; _module_preset=&#8221;default&#8221;][et_pb_text _builder_version=&#8221;4.6.5&#8243; _module_preset=&#8221;default&#8221; text_font=&#8221;Alice||||||||&#8221;]<\/p>\n<h1>Retrouvez le sommeil<\/h1>\n<p><strong>Insomnie<\/strong>, r\u00e9veils pr\u00e9matur\u00e9s, de nombreuses personnes souffrent d&#8217;un <strong>sommeil perturb\u00e9<\/strong>, \u00e9pisodique, pas ou peu r\u00e9parateur.<br \/>Pourtant le sommeil est indispensable \u00e0 votre <strong>qualit\u00e9 de vie<\/strong>, \u00e0 votre \u00e9quilibre et votre bonne <strong>sant\u00e9<\/strong>.\u00a0<br \/>La transe hypnotique va vous permettre de trouver les causes inconscientes qui vous emp\u00eachent de dormir et d&#8217;agir directement sur le leviers permettant d&#8217;<strong>am\u00e9liorer<\/strong> consid\u00e9rablement <strong>votre sommeil<\/strong>.<\/p>\n<p>[\/et_pb_text][\/et_pb_column][\/et_pb_row][\/et_pb_section][et_pb_section fb_built=&#8221;1&#8243; _builder_version=&#8221;4.6.5&#8243; _module_preset=&#8221;default&#8221; use_background_color_gradient=&#8221;on&#8221; top_divider_style=&#8221;arrow&#8221; top_divider_color=&#8221;#ffffff&#8221; bottom_divider_style=&#8221;arrow&#8221; bottom_divider_color=&#8221;#9af4f1&#8243; da_disable_devices=&#8221;off|off|off&#8221; da_is_popup=&#8221;off&#8221; da_exit_intent=&#8221;off&#8221; da_has_close=&#8221;on&#8221; da_alt_close=&#8221;off&#8221; da_dark_close=&#8221;off&#8221; da_not_modal=&#8221;on&#8221; da_is_singular=&#8221;off&#8221; da_with_loader=&#8221;off&#8221; da_has_shadow=&#8221;on&#8221;][et_pb_row column_structure=&#8221;1_2,1_2&#8243; _builder_version=&#8221;4.6.5&#8243; _module_preset=&#8221;default&#8221; custom_padding=&#8221;83px||64px|||&#8221;][et_pb_column type=&#8221;1_2&#8243; _builder_version=&#8221;4.6.5&#8243; _module_preset=&#8221;default&#8221;][et_pb_text _builder_version=&#8221;4.6.5&#8243; _module_preset=&#8221;default&#8221; text_font=&#8221;Alice||||||||&#8221; text_text_color=&#8221;#ffffff&#8221; text_font_size=&#8221;20px&#8221; header_text_color=&#8221;#ffffff&#8221;]<\/p>\n<h1>Vaincre les phobies<\/h1>\n<p>Arachnophobie, h\u00e9matophobie, pyrophobie, etc.<br \/>\nAutant de mots qui d\u00e9finissent <strong>une phobie<\/strong>.<br \/>\nCette <strong>peur irr\u00e9sonn\u00e9e<\/strong> que peuvent inspirer, chez certaines personnes, les araign\u00e9es, la vue du sang, le feu, les chiens, les chats, etc.<\/p>\n<p>La phobie est une crainte, une peur anormale d&#8217;un objectif sp\u00e9cifique,d&#8217;un animal, d&#8217;un v\u00e9g\u00e9tal, d&#8217;un objet, d&#8217;une activit\u00e9 sp\u00e9cifique ou de certaine situation. C&#8217;est un type de trouble d&#8217;anxi\u00e9t\u00e9 qui peut pr\u00e9cipiter une <strong>crise de panique<\/strong>.<br \/>\nCe trouble prend sa source \u00e0 la repr\u00e9sentation mental de l&#8217;objet de la phobie.<br \/>\n<strong>L&#8217;Hypnose est une solution<\/strong> qui vous permet de <strong>modifier cette repr\u00e9sentation<\/strong>, mais aussi de vous d\u00e9tacher des ancrages, des associations obsol\u00e8tes que vous aviez inconsciement mis en place et ainsi <strong>retrouver plus de s\u00e9r\u00e9nit\u00e9<\/strong>.<br \/>\n[\/et_pb_text][\/et_pb_column][et_pb_column type=&#8221;1_2&#8243; _builder_version=&#8221;4.6.5&#8243; _module_preset=&#8221;default&#8221;][et_pb_image src=&#8221;https:\/\/bonnevie-hypnose.fr\/wp-content\/uploads\/2020\/12\/phobie.png&#8221; title_text=&#8221;phobie&#8221; _builder_version=&#8221;4.6.5&#8243; _module_preset=&#8221;default&#8221;][\/et_pb_image][\/et_pb_column][\/et_pb_row][\/et_pb_section][et_pb_section fb_built=&#8221;1&#8243; _builder_version=&#8221;4.6.5&#8243; _module_preset=&#8221;default&#8221; use_background_color_gradient=&#8221;on&#8221; background_color_gradient_start=&#8221;#9af4f1&#8243; background_color_gradient_end=&#8221;#ffffff&#8221; da_disable_devices=&#8221;off|off|off&#8221; da_is_popup=&#8221;off&#8221; da_exit_intent=&#8221;off&#8221; da_has_close=&#8221;on&#8221; da_alt_close=&#8221;off&#8221; da_dark_close=&#8221;off&#8221; da_not_modal=&#8221;on&#8221; da_is_singular=&#8221;off&#8221; da_with_loader=&#8221;off&#8221; da_has_shadow=&#8221;on&#8221;][et_pb_row column_structure=&#8221;1_2,1_2&#8243; _builder_version=&#8221;4.6.5&#8243; _module_preset=&#8221;default&#8221; custom_margin=&#8221;-23px|auto||auto||&#8221; custom_padding=&#8221;0px|||||&#8221;][et_pb_column type=&#8221;1_2&#8243; _builder_version=&#8221;4.6.5&#8243; _module_preset=&#8221;default&#8221;][et_pb_image src=&#8221;https:\/\/bonnevie-hypnose.fr\/wp-content\/uploads\/2020\/12\/compet.png&#8221; title_text=&#8221;compet&#8221; _builder_version=&#8221;4.6.5&#8243; _module_preset=&#8221;default&#8221;][\/et_pb_image][\/et_pb_column][et_pb_column type=&#8221;1_2&#8243; _builder_version=&#8221;4.6.5&#8243; _module_preset=&#8221;default&#8221;][et_pb_text _builder_version=&#8221;4.6.5&#8243; _module_preset=&#8221;default&#8221; text_font=&#8221;Alice||||||||&#8221; text_text_color=&#8221;#000000&#8243; text_font_size=&#8221;20px&#8221;]<\/p>\n<h1>Confiance en soi<\/h1>\n<p>Le manque de <strong>confiance en soi<\/strong> et m\u00eame le manque d&#8217;estime de soi sont, le plus souvent, les reflets d&#8217;un apprentissage eronn\u00e9 qui fausse la perception que l&#8217;on a de soi-m\u00eame, comme pourrait le faire des filtres empill\u00e9s au fil du temps.<br \/> L&#8217;hypnose vous permet de contourner ces filtres pour <strong>vous percevoir tel que vous \u00eates<\/strong> vraiment.<br \/> L&#8217;hypnose vous permet l\u00e0 encore de convoquer les ressources n\u00e9cessaires pour int\u00e9grer les <strong>changements<\/strong> vous permettant de modifier de fa\u00e7on <strong>durable<\/strong> le regard que vous portez sur vous.<\/p>\n<p>[\/et_pb_text][\/et_pb_column][\/et_pb_row][\/et_pb_section][et_pb_section fb_built=&#8221;1&#8243; prev_background_color=&#8221;#ffffff&#8221; _builder_version=&#8221;4.6.5&#8243; _module_preset=&#8221;default&#8221; use_background_color_gradient=&#8221;on&#8221; background_color_gradient_start=&#8221;#c51fe2&#8243; background_color_gradient_end=&#8221;#5f64f4&#8243; top_divider_style=&#8221;arrow&#8221; da_disable_devices=&#8221;off|off|off&#8221; da_is_popup=&#8221;off&#8221; da_exit_intent=&#8221;off&#8221; da_has_close=&#8221;on&#8221; da_alt_close=&#8221;off&#8221; da_dark_close=&#8221;off&#8221; da_not_modal=&#8221;on&#8221; da_is_singular=&#8221;off&#8221; da_with_loader=&#8221;off&#8221; da_has_shadow=&#8221;on&#8221;][et_pb_row column_structure=&#8221;1_2,1_2&#8243; _builder_version=&#8221;4.6.5&#8243; _module_preset=&#8221;default&#8221; custom_padding=&#8221;52px|||||&#8221;][et_pb_column type=&#8221;1_2&#8243; _builder_version=&#8221;4.6.5&#8243; _module_preset=&#8221;default&#8221;][et_pb_text _builder_version=&#8221;4.6.5&#8243; _module_preset=&#8221;default&#8221; text_font=&#8221;Alice||||||||&#8221; text_text_color=&#8221;#ffffff&#8221; text_font_size=&#8221;20px&#8221; header_text_color=&#8221;#ffffff&#8221;]<\/p>\n<h1>R\u00e9duire la charge mentale.<\/h1>\n<p>Quand le cerveau \u00e9puise le corps&#8230;<br \/> Penser \u00e0 tout, tout le temps.<br \/> Travail, maison, rendez-vous \u00e0 planifier, gestion de votre temps, r\u00e9servation des vacances, pr\u00e9sentation \u00e0 finir pour le lendemain\u2026 le tout sur fond de notifications et alertes perp\u00e9tuelles de vos smartphones et de sollicitations incessantes par tous les canaux possibles. Autant d\u2019ingr\u00e9dients qui alimentent votre <strong>charge mentale<\/strong>.<br \/> Prendre du recule, l\u00e2cher prise, <b>apportez de la l\u00e9g\u00e8ret\u00e9\u00a0dans votre vie !<\/b><br \/> Voil\u00e0 quelques \u00e9l\u00e9ments de r\u00e9ponses que vous trouverez <strong>gr\u00e2ce \u00e0 l&#8217;hypnose<\/strong>.<\/p>\n<p>[\/et_pb_text][\/et_pb_column][et_pb_column type=&#8221;1_2&#8243; _builder_version=&#8221;4.6.5&#8243; _module_preset=&#8221;default&#8221;][et_pb_image src=&#8221;https:\/\/bonnevie-hypnose.fr\/wp-content\/uploads\/2020\/12\/charge.png&#8221; title_text=&#8221;charge&#8221; _builder_version=&#8221;4.6.5&#8243; _module_preset=&#8221;default&#8221;][\/et_pb_image][\/et_pb_column][\/et_pb_row][\/et_pb_section][et_pb_section fb_built=&#8221;1&#8243; _builder_version=&#8221;4.6.5&#8243; _module_preset=&#8221;default&#8221; use_background_color_gradient=&#8221;on&#8221; background_color_gradient_start=&#8221;#9af4f1&#8243; background_color_gradient_end=&#8221;#ffffff&#8221; top_divider_style=&#8221;arrow&#8221; top_divider_color=&#8221;#5f64f4&#8243; da_disable_devices=&#8221;off|off|off&#8221; da_is_popup=&#8221;off&#8221; da_exit_intent=&#8221;off&#8221; da_has_close=&#8221;on&#8221; da_alt_close=&#8221;off&#8221; da_dark_close=&#8221;off&#8221; da_not_modal=&#8221;on&#8221; da_is_singular=&#8221;off&#8221; da_with_loader=&#8221;off&#8221; da_has_shadow=&#8221;on&#8221;][et_pb_row column_structure=&#8221;1_2,1_2&#8243; _builder_version=&#8221;4.6.5&#8243; _module_preset=&#8221;default&#8221; custom_margin=&#8221;|auto|-102px|auto||&#8221; custom_padding=&#8221;47px|||||&#8221;][et_pb_column type=&#8221;1_2&#8243; _builder_version=&#8221;4.6.5&#8243; _module_preset=&#8221;default&#8221;][et_pb_image src=&#8221;https:\/\/bonnevie-hypnose.fr\/wp-content\/uploads\/2020\/12\/escalier.png&#8221; title_text=&#8221;escalier&#8221; _builder_version=&#8221;4.6.5&#8243; _module_preset=&#8221;default&#8221;][\/et_pb_image][\/et_pb_column][et_pb_column type=&#8221;1_2&#8243; _builder_version=&#8221;4.6.5&#8243; _module_preset=&#8221;default&#8221;][et_pb_text _builder_version=&#8221;4.6.5&#8243; _module_preset=&#8221;default&#8221; text_font=&#8221;Alice||||||||&#8221; text_text_color=&#8221;#000000&#8243; text_font_size=&#8221;20px&#8221; header_font=&#8221;Alice||||||||&#8221;]<\/p>\n<h1>Progresser, \u00e9voluer, d\u00e9velopper des comp\u00e9tences.<\/h1>\n<p>L&#8217;Hypnose ne vous permet pas de devenir plus fort-e ou plus int\u00e9ligent-e, n\u00e9anmois elle va vous permettre de passer outre les multiples barri\u00e8re, blocages ou encore croyances limitantes qui vous emp\u00eachent d&#8217;exploiter votre v\u00e9ritable potentiel.<br \/>\nEt si votre inconscient vous permettait de d\u00e9passer ces limites?<br \/>\nEt si vous aviez plus de valeur que vous l&#8217;imaginer?<br \/>\nDe quoi \u00eates-vous vraiment capable?<br \/>\nDes apprentissages \u00e9ronn\u00e9s peuvent conduire \u00e0 une mauvaise connaissance de soi-m\u00eame.<br \/>\n&#8220;Tu n&#8217;es qu&#8217;un bon \u00e0 rien!&#8221;&#8230;.&#8221;Tu n&#8217;arriveras jamais \u00e0 rien dans la vie&#8221;&#8230;.<br \/>\n&#8220;Ce n&#8217;est pas pour toi&#8221;&#8230;&#8221;Tu n&#8217;est pas beau&#8221;&#8230;&#8221;Tu n&#8217;est pas belle&#8221;<br \/>\n&#8220;Tout \u00e7a c&#8217;est de ta faute&#8221;&#8230;.<br \/>\nAutant de petites phrases assassines ou de mauvaises exp\u00e9riences qui forgent les limites, les entraves qui nous emp\u00eaches d&#8217;avancer.<\/p>\n<p>Et si, avec l&#8217;hypnose, on remettait tout \u00e7a en perspective et que vous puissiez enfin red\u00e9couvrir quelle merveilleuse personne vous \u00eates?<\/p>\n<p>&nbsp;<br \/>\n[\/et_pb_text][\/et_pb_column][\/et_pb_row][\/et_pb_section][et_pb_section fb_built=&#8221;1&#8243; _builder_version=&#8221;4.6.5&#8243; _module_preset=&#8221;default&#8221; custom_padding=&#8221;11px|||||&#8221; da_disable_devices=&#8221;off|off|off&#8221; da_is_popup=&#8221;off&#8221; da_exit_intent=&#8221;off&#8221; da_has_close=&#8221;on&#8221; da_alt_close=&#8221;off&#8221; da_dark_close=&#8221;off&#8221; da_not_modal=&#8221;on&#8221; da_is_singular=&#8221;off&#8221; da_with_loader=&#8221;off&#8221; da_has_shadow=&#8221;on&#8221;][et_pb_row _builder_version=&#8221;4.6.5&#8243; _module_preset=&#8221;default&#8221; min_height=&#8221;137px&#8221; custom_padding=&#8221;79px|||||&#8221;][et_pb_column type=&#8221;4_4&#8243; _builder_version=&#8221;4.6.5&#8243; _module_preset=&#8221;default&#8221;][et_pb_text _builder_version=&#8221;4.6.5&#8243; _module_preset=&#8221;default&#8221; text_font=&#8221;Alice||||||||&#8221; text_text_color=&#8221;#000000&#8243; text_font_size=&#8221;30px&#8221; text_line_height=&#8221;1.8em&#8221; header_font=&#8221;Alice||||||||&#8221; header_text_color=&#8221;#000000&#8243; custom_margin=&#8221;||-36px|||&#8221; custom_padding=&#8221;||0px|||&#8221;]<\/p>\n<p style=\"text-align: center;\"><em>Et bien d&#8217;autres applications&#8230;<\/em><br \/>\n<em> Toute demande sera entendu sans jugement et pourra \u00eatre l&#8217;objet d&#8217;une r\u00e9orientation vers un professionnel de sant\u00e9 si celle-ci n&#8217;entre pas dans le champs de comp\u00e9tences de l&#8217;accompagnement par l&#8217;hypnose.<\/em><\/p>\n<p>[\/et_pb_text][\/et_pb_column][\/et_pb_row][et_pb_row _builder_version=&#8221;4.6.5&#8243; _module_preset=&#8221;default&#8221; custom_margin=&#8221;-18px|auto||auto||&#8221; custom_padding=&#8221;0px|||||&#8221;][et_pb_column type=&#8221;4_4&#8243; _builder_version=&#8221;4.6.5&#8243; _module_preset=&#8221;default&#8221;][et_pb_image src=&#8221;https:\/\/bonnevie-hypnose.fr\/wp-content\/uploads\/2021\/01\/vers-le-soleil.png&#8221; title_text=&#8221;vers le soleil&#8221; _builder_version=&#8221;4.6.5&#8243; _module_preset=&#8221;default&#8221;][\/et_pb_image][\/et_pb_column][\/et_pb_row][et_pb_row _builder_version=&#8221;4.6.5&#8243; _module_preset=&#8221;default&#8221;][et_pb_column type=&#8221;4_4&#8243; _builder_version=&#8221;4.6.5&#8243; _module_preset=&#8221;default&#8221;][et_pb_button button_url=&#8221;https:\/\/bonnevie-hypnose.fr&#8221; button_text=&#8221;ACCUEIL&#8221; button_alignment=&#8221;center&#8221; _builder_version=&#8221;4.6.5&#8243; custom_button=&#8221;on&#8221; button_text_size=&#8221;24px&#8221; button_bg_color=&#8221;#fa7f28&#8243; button_border_width=&#8221;0px&#8221; button_border_radius=&#8221;6px&#8221; button_letter_spacing=&#8221;1px&#8221; button_font=&#8221;Lato|700||on|||||&#8221; button_icon=&#8221;%%20%%&#8221; background_layout=&#8221;dark&#8221; custom_margin=&#8221;||0px|&#8221; custom_padding=&#8221;8px||8px|&#8221; animation_style=&#8221;fold&#8221; box_shadow_style=&#8221;preset3&#8243; box_shadow_color=&#8221;rgba(250,127,40,0.4)&#8221; button_letter_spacing_hover=&#8221;1px&#8221; locked=&#8221;off&#8221; button_text_size__hover_enabled=&#8221;off&#8221; button_one_text_size__hover_enabled=&#8221;off&#8221; button_two_text_size__hover_enabled=&#8221;off&#8221; button_text_color__hover_enabled=&#8221;off&#8221; button_one_text_color__hover_enabled=&#8221;off&#8221; button_two_text_color__hover_enabled=&#8221;off&#8221; button_border_width__hover_enabled=&#8221;off&#8221; button_one_border_width__hover_enabled=&#8221;off&#8221; button_two_border_width__hover_enabled=&#8221;off&#8221; button_border_color__hover_enabled=&#8221;off&#8221; button_one_border_color__hover_enabled=&#8221;off&#8221; button_two_border_color__hover_enabled=&#8221;off&#8221; button_border_radius__hover_enabled=&#8221;off&#8221; button_one_border_radius__hover_enabled=&#8221;off&#8221; button_two_border_radius__hover_enabled=&#8221;off&#8221; button_letter_spacing__hover_enabled=&#8221;on&#8221; button_letter_spacing__hover=&#8221;1px&#8221; button_one_letter_spacing__hover_enabled=&#8221;off&#8221; button_two_letter_spacing__hover_enabled=&#8221;off&#8221; button_bg_color__hover_enabled=&#8221;off&#8221; button_one_bg_color__hover_enabled=&#8221;off&#8221; button_two_bg_color__hover_enabled=&#8221;off&#8221;][\/et_pb_button][\/et_pb_column][\/et_pb_row][\/et_pb_section]<\/p>\n","protected":false},"excerpt":{"rendered":"<p>[et_pb_section fb_built=&#8221;1&#8243; _builder_version=&#8221;4.6.5&#8243; _module_preset=&#8221;default&#8221; background_enable_color=&#8221;off&#8221; use_background_color_gradient=&#8221;on&#8221; background_color_gradient_start=&#8221;#cdf6f7&#8243; background_color_gradient_end=&#8221;#f7f7f7&#8243; background_enable_image=&#8221;off&#8221; bottom_divider_style=&#8221;ramp2&#8243; bottom_divider_color=&#8221;#9af4f1&#8243; da_disable_devices=&#8221;off|off|off&#8221; da_is_popup=&#8221;off&#8221; da_exit_intent=&#8221;off&#8221; da_has_close=&#8221;on&#8221; da_alt_close=&#8221;off&#8221; da_dark_close=&#8221;off&#8221; da_not_modal=&#8221;on&#8221; da_is_singular=&#8221;off&#8221; da_with_loader=&#8221;off&#8221; da_has_shadow=&#8221;on&#8221;][et_pb_row _builder_version=&#8221;4.6.5&#8243; _module_preset=&#8221;default&#8221; module_alignment=&#8221;center&#8221;][et_pb_column type=&#8221;4_4&#8243; _builder_version=&#8221;4.6.5&#8243; _module_preset=&#8221;default&#8221;][et_pb_text _builder_version=&#8221;4.6.5&#8243; _module_preset=&#8221;default&#8221; text_font=&#8221;Alice||||||||&#8221; text_font_size=&#8221;25px&#8221; hover_enabled=&#8221;0&#8243; sticky_enabled=&#8221;0&#8243;] L&#8217;Hypnose vous propose un accompagnement adapt\u00e9 pour &#8230; [\/et_pb_text][\/et_pb_column][\/et_pb_row][\/et_pb_section][et_pb_section fb_built=&#8221;1&#8243; _builder_version=&#8221;4.6.5&#8243; _module_preset=&#8221;default&#8221; use_background_color_gradient=&#8221;on&#8221; background_color_gradient_start=&#8221;#9af4f1&#8243; background_color_gradient_end=&#8221;rgba(255,255,255,0)&#8221; custom_padding=&#8221;0px||86px|||&#8221; bottom_divider_style=&#8221;arrow&#8221; bottom_divider_color=&#8221;#c51fe2&#8243; da_disable_devices=&#8221;off|off|off&#8221; da_is_popup=&#8221;off&#8221; da_exit_intent=&#8221;off&#8221; da_has_close=&#8221;on&#8221; [&hellip;]<\/p>\n","protected":false},"author":2,"featured_media":0,"parent":0,"menu_order":0,"comment_status":"closed","ping_status":"closed","template":"","meta":{"_et_pb_use_builder":"on","_et_pb_old_content":"","_et_gb_content_width":"","om_disable_all_campaigns":false,"_monsterinsights_skip_tracking":false,"_monsterinsights_sitenote_active":false,"_monsterinsights_sitenote_note":"","_monsterinsights_sitenote_category":0,"footnotes":""},"class_list":["post-2267","page","type-page","status-publish","hentry"],"aioseo_notices":[],"_links":{"self":[{"href":"https:\/\/bonnevie-hypnose.fr\/index.php?rest_route=\/wp\/v2\/pages\/2267","targetHints":{"allow":["GET"]}}],"collection":[{"href":"https:\/\/bonnevie-hypnose.fr\/index.php?rest_route=\/wp\/v2\/pages"}],"about":[{"href":"https:\/\/bonnevie-hypnose.fr\/index.php?rest_route=\/wp\/v2\/types\/page"}],"author":[{"embeddable":true,"href":"https:\/\/bonnevie-hypnose.fr\/index.php?rest_route=\/wp\/v2\/users\/2"}],"replies":[{"embeddable":true,"href":"https:\/\/bonnevie-hypnose.fr\/index.php?rest_route=%2Fwp%2Fv2%2Fcomments&post=2267"}],"version-history":[{"count":57,"href":"https:\/\/bonnevie-hypnose.fr\/index.php?rest_route=\/wp\/v2\/pages\/2267\/revisions"}],"predecessor-version":[{"id":2613,"href":"https:\/\/bonnevie-hypnose.fr\/index.php?rest_route=\/wp\/v2\/pages\/2267\/revisions\/2613"}],"wp:attachment":[{"href":"https:\/\/bonnevie-hypnose.fr\/index.php?rest_route=%2Fwp%2Fv2%2Fmedia&parent=2267"}],"curies":[{"name":"wp","href":"https:\/\/api.w.org\/{rel}","templated":true}]}}